{"id":4079,"date":"2016-10-13T19:29:48","date_gmt":"2016-10-13T19:29:48","guid":{"rendered":"http:\/\/campusaltea.umh.es\/?page_id=4079"},"modified":"2020-03-26T10:12:59","modified_gmt":"2020-03-26T10:12:59","slug":"pilar-escanero-de-miguel","status":"publish","type":"page","link":"https:\/\/campusaltea.umh.es\/en\/pilar-escanero-de-miguel\/","title":{"rendered":"Pilar Escanero de Miguel"},"content":{"rendered":"<p><div  class=\"ut-one-half  \">\n<p><a href=\"http:\/\/campusaltea.umh.es\/files\/2016\/10\/Pilar-Escanero2.jpg\"><img loading=\"lazy\" class=\" wp-image-4081 size-full alignleft\" src=\"http:\/\/campusaltea.umh.es\/files\/2016\/10\/Pilar-Escanero2.jpg\" alt=\"\" width=\"750\" height=\"1000\" srcset=\"https:\/\/campusaltea.umh.es\/files\/2016\/10\/Pilar-Escanero2.jpg 750w, https:\/\/campusaltea.umh.es\/files\/2016\/10\/Pilar-Escanero2-225x300.jpg 225w\" sizes=\"(max-width: 750px) 100vw, 750px\" \/><\/a><\/p>\n<\/div>\n<div  class=\"ut-one-half ut-column-last  \">\n<h4>Pilar Escanero de Miguel<\/h4>\n<p align=\"justify\">Member of the Bernia Research Group since its establishment in 2007. His research has developed in the field of contemporary art, in particular certain aspects of contemporary painting and art criticism (Reflexiones \/ &#8220;Reflections&#8221;), Alicante, 2001); gender issues (La mujer y el arte. Mujeres artistas de Canarias \/ &#8220;Women and art. Female artists from the Canary Islands&#8221;, Las Palmas de Gran Canaria, 2007); and questions of art, territory and landscape. On the latter issue he has directed six international congresses &#8220;Support \/ Surface&#8221; held at the UMH between 2009 and 2014. In this sense he has dealt with the works of artists whose central theme is the relationship between art and territory, as C\u00e9sar Manrique (C\u00e9sar Manrique. Coraz\u00f3n y alma tel\u00farica de Lanzarote \/ &#8220;Telluric heart and soul of Lanzarote&#8221;. Ed. Foundation Ca\u00f1ada Blanch, Valencia. 2011); and Miguel Angel Blanco (&#8220;La piel de la naturaleza en la obra de Miguel \u00c1ngel Blanco&#8221; \/ &#8220;The skin of nature in the work of Miguel Angel Blanco&#8221;, Ed. Foundation Ca\u00f1ada Blanch, Valencia. 2015, etc).<\/p>\n<p align=\"justify\">He has been curator since 1996 and a member of the Interuniversity Council of Art History Valenciano, CIVHA, since its founding in 2013.<\/p>\n<\/div><div class=\"clear\"><\/div>\n<hr \/>\n<div  class=\"ut-one-half  \">\n<h5>Additional Information<\/h5>\n<div id=\"ut-accordion-parent-11\" class=\"ut-accordion\"><div class=\"ut-accordion-group\"> <div class=\"ut-accordion-heading \"><a data-parent=\"#ut-accordion-parent-11\" class=\"accordion-toggle collapsed \" data-toggle=\"collapse\" data-target=\"#accordion10\">Fields of interest<\/a><\/div><div id=\"accordion10\" class=\"ut-accordion-body collapse\"><div class=\"ut-accordion-inner entry-content clearfix\">\n<ul>\n<li>Contemporary painting and art criticism.<\/li>\n<li>Gender issues.<\/li>\n<li>Tourism-Art-Advertising-Communication and Posters.<\/li>\n<\/ul>\n<\/div><\/div>\n<div id=\"ut-accordion-parent-12\" class=\"ut-accordion\"><div class=\"ut-accordion-group\"><\/div><\/div> <div class=\"ut-accordion-heading \"><a data-parent=\"#ut-accordion-parent-12\" class=\"accordion-toggle collapsed \" data-toggle=\"collapse\" data-target=\"#accordion11\">Studies<\/a><\/div><div id=\"accordion11\" class=\"ut-accordion-body collapse\"><div class=\"ut-accordion-inner entry-content clearfix\">\n<ul>\n<li>Licenciada en Geograf\u00eda e Historia, especialidad Historia del Arte por la Facultad de Geograf\u00eda e Historia, Universidad Complutense de Madrid, 1978.<\/li>\n<li>Biblioteconom\u00eda y Archiv\u00edstica, Instituto de Ciencias de la Educaci\u00f3n, Universidad de Alicante, 320 horas, 1980.<\/li>\n<li>First Certificate in English, Universidad de Cambridge, 1988.<\/li>\n<li>Doctora en Bellas Artes por el Departamento de Arte, Ciencias Sociales y Jur\u00eddicas, Universidad Miguel Hern\u00e1ndez,1999.<\/li>\n<li>Experto Universitario en Artes Visuales: fotograf\u00eda y acci\u00f3n creativa, Universidad Miguel Hern\u00e1ndez, 2010.<\/li>\n<li>Profesora de EFTI Centro Internacional de Fotograf\u00eda y Cine, Madrid, 2018.<\/li>\n<\/ul>\n<\/div><\/div>\n<div id=\"ut-accordion-parent-13\" class=\"ut-accordion\"><div class=\"ut-accordion-group\"><\/div><\/div> <div class=\"ut-accordion-heading \"><a data-parent=\"#ut-accordion-parent-13\" class=\"accordion-toggle collapsed \" data-toggle=\"collapse\" data-target=\"#accordion12\">Doctoral thesis<\/a><\/div><div id=\"accordion12\" class=\"ut-accordion-body collapse\"><div class=\"ut-accordion-inner entry-content clearfix\">\n<p><em>Aproximaci\u00f3n a la vida y la obra de Xavier Soler, 1999, cum laude.<\/em><\/p>\n<\/div><\/div>\n<div id=\"ut-accordion-parent-14\" class=\"ut-accordion\"><div class=\"ut-accordion-group\"><\/div><\/div> <div class=\"ut-accordion-heading \"><a data-parent=\"#ut-accordion-parent-14\" class=\"accordion-toggle collapsed \" data-toggle=\"collapse\" data-target=\"#accordion13\">Teaching<\/a><\/div><div id=\"accordion13\" class=\"ut-accordion-body collapse\"><div class=\"ut-accordion-inner entry-content clearfix\">\n<ul>\n<li>Profesora Asociada de Historia del Arte, Universidad de Alicante, Department of Council on International Educational Exchange Lenguage and Area Studies Program, 1990 &#8211; 1995.<\/li>\n<li>Profesora del M\u00e1ster en Estudios Contempor\u00e1neos e Investigaci\u00f3n Avanzada. M\u00e1ster procedente de un programa de doctorado con Menci\u00f3n de Calidad del Ministerio de Educaci\u00f3n y Ciencia, El valor del Arte. La rentabilidad del Arte, Universidad Jaume I, Castell\u00f3n, 2007-2009.<\/li>\n<li>Profesora del M\u00e1ster en Conservaci\u00f3n y Exhibici\u00f3n del Arte Contempor\u00e1neo CYXAC, Universidad del Pa\u00eds Vasco, \u201cContenido y Discurso Expositivo\u201d , 2011\/Actualidad.<\/li>\n<li style=\"font-weight: 400;\"><span style=\"font-weight: 400;\">Profesora de Escuela Apertura, M\u00e1laga, 2019-<\/span><\/li>\n<li style=\"font-weight: 400;\"><span style=\"font-weight: 400;\">Profesora del Centro de Fotograf\u00eda Contempor\u00e1nea de Bilbao (CFC), Bilbao 2019-<\/span><\/li>\n<\/ul>\n<\/div><\/div>\n<div id=\"ut-accordion-parent-15\" class=\"ut-accordion\"><div class=\"ut-accordion-group\"><\/div><\/div> <div class=\"ut-accordion-heading \"><a data-parent=\"#ut-accordion-parent-15\" class=\"accordion-toggle collapsed \" data-toggle=\"collapse\" data-target=\"#accordion14\">Areas of research<\/a><\/div><div id=\"accordion14\" class=\"ut-accordion-body collapse\"><div class=\"ut-accordion-inner entry-content clearfix\">\n<ul>\n<li>Female artists through art History.<\/li>\n<li>Tourism-Art-Advertising-Communication and Posters.<\/li>\n<\/ul>\n<\/div><\/div>\n<div id=\"ut-accordion-parent-16\" class=\"ut-accordion\"><div class=\"ut-accordion-group\"><\/div><\/div> <div class=\"ut-accordion-heading \"><a data-parent=\"#ut-accordion-parent-16\" class=\"accordion-toggle collapsed \" data-toggle=\"collapse\" data-target=\"#accordion15\">Books<\/a><\/div><div id=\"accordion15\" class=\"ut-accordion-body collapse\"><div class=\"ut-accordion-inner entry-content clearfix\">\n<ul>\n<li>Escanero de Miguel, Pilar, <em>El texto de arte. Instrucciones de uso, <\/em>Editorial Sind\u00e9resis, Madrid, 2017<\/li>\n<li>Escanero de Miguel, Pilar, <em>M\u00fasicas en un cartel. Imagen del Festival de Jazz de San Javier, <\/em>Edita Ayuntamiento de San Javier, 2017<\/li>\n<li>Escanero de Miguel, Pilar, <em>Support\/Surface<\/em>. <em>El sentido de la piel: soporte y desvelamiento<\/em>. Ekfrasis &amp; Suoiatura, cap\u00edtulo de libro, Editorial Fundaci\u00f3n Ca\u00f1ada Blanch, Valencia, 2014.<\/li>\n<li>Escanero de Miguel, PilaAr, <em>La mujer y el arte. Pintoras y escultoras canarias<\/em>, Caja de Ahorros de Canarias, Las Palmas de Gran Canaria, 2007.<\/li>\n<li>Escanero de Miguel, Pilar, <em>El mundo mediterr\u00e1neo espa\u00f1ol<\/em>, cap\u00edtulo de libro, Caja de Ahorros del Mediterr\u00e1neo, Alicante, 2001.<\/li>\n<li>Escanero de Miguel, Pilar, <em>Reflexiones<\/em>, Editorial Gr\u00e1ficas D\u00edaz, S. L. Alicante, 2000.<\/li>\n<li>Escanero de Miguel, Pilar, <em>Yoriyasu Masuda<\/em>, Consorcio de Museos de la Comunidad Valenciana, Direcci\u00f3n General de Promoci\u00f3n Cultural, Museos y Bellas Artes de la Generalitat Valenciana, Valencia, 1999.<\/li>\n<\/ul>\n<\/div><\/div>\n<div id=\"ut-accordion-parent-17\" class=\"ut-accordion\"><div class=\"ut-accordion-group\"><\/div><\/div> <div class=\"ut-accordion-heading \"><a data-parent=\"#ut-accordion-parent-17\" class=\"accordion-toggle collapsed \" data-toggle=\"collapse\" data-target=\"#accordion16\">Magazine articles<\/a><\/div><div id=\"accordion16\" class=\"ut-accordion-body collapse\"><div class=\"ut-accordion-inner entry-content clearfix\">\n<ul>\n<li>Escanero de Miguel, Pilar, \u201cEn el estudio de Eberhard Schlotter, en la frontera de la libertad\u201d, <em>Descubrir el Arte<\/em>, n\u00ba 12, Madrid, 2008.<\/li>\n<\/ul>\n<\/div><\/div>\n<div id=\"ut-accordion-parent-18\" class=\"ut-accordion\"><div class=\"ut-accordion-group\"><\/div><\/div> <div class=\"ut-accordion-heading \"><a data-parent=\"#ut-accordion-parent-18\" class=\"accordion-toggle collapsed \" data-toggle=\"collapse\" data-target=\"#accordion17\">Awards and scholarships<\/a><\/div><div id=\"accordion17\" class=\"ut-accordion-body collapse\"><div class=\"ut-accordion-inner entry-content clearfix\">\n<ul>\n<li>Beca de la Caja Insular de Ahorros de Canarias para el establecimiento de la Obra Social en Colaboraci\u00f3n \u201cProyecto Mujeres Artistas Canarias\u201d, Las Palmas de Gran Canaria, 2003.<\/li>\n<li>Premio Extraordinario de Doctorado con la Resoluci\u00f3n Rectoral de 17 de enero de 2005, Universidad Miguel Hern\u00e1ndez.<\/li>\n<\/ul>\n<\/div><\/div>\n<div id=\"ut-accordion-parent-19\" class=\"ut-accordion\"><div class=\"ut-accordion-group\"><\/div><\/div> <div class=\"ut-accordion-heading \"><a data-parent=\"#ut-accordion-parent-19\" class=\"accordion-toggle collapsed \" data-toggle=\"collapse\" data-target=\"#accordion18\">Curatorship<\/a><\/div><div id=\"accordion18\" class=\"ut-accordion-body collapse\"><div class=\"ut-accordion-inner entry-content clearfix\">\n<ul>\n<li><i><span style=\"font-weight: 400;\">Huellas* Di\u00e1logos * Comunidad. Identidades fotogr\u00e1ficas. <\/span><\/i><span style=\"font-weight: 400;\">Sala de la Diputaci\u00f3n de Alicante. Gobierno Provincial de Alicante. 2019, cat\u00e1logo.<\/span><\/li>\n<li><em>Una mirada al arte espa\u00f1ol contempor\u00e1neo. Colecci\u00f3n Arudecas, <\/em>Museo el Mercado, Ayuntamiento de Villanueva de los Infantes, 2018, cat\u00e1logo.<\/li>\n<li><em>Cartas de Sicilia. Im\u00e1genes contempor\u00e1neas,<\/em> Sala de la Diputaci\u00f3n de Alicante, Alicante, 2018, cat\u00e1logo.<\/li>\n<li><em>8 PROYECTOS<\/em>, Sala de Exposiciones del Club Informaci\u00f3n, Alicante, 2014, cat\u00e1logo.<\/li>\n<li><em>Bernia Grupo de Investigaci\u00f3n<\/em>, Fundaci\u00f3n Bilbao Arte, Bilbao, 2009, cat\u00e1logo.<\/li>\n<li><em>Llu\u00cfsa Sim\u00f2n i Gispert\u2026 de pr\u00f3ceres y equinos<\/em>, Galer\u00eda Claudine Hohl, Zurich, Suiza, 2004, cat\u00e1logo.<\/li>\n<li><em>Exposici\u00f3n antol\u00f3gica de Eberhard Schlotter<\/em>, Sala de exposiciones de la Caja de Ahorros del Mediterr\u00e1neo, Alicante, 2000\/2001, cat\u00e1logo.<\/li>\n<li><em>Yoriyasu Masuda<\/em>, Museo de la Ciudad de Valencia, Conseller\u00eda de Cultura, Educaci\u00f3n y Ciencia, Generalitat Valenciana, 1999, cat\u00e1logo.<\/li>\n<\/ul>\n<\/div><\/div>\n<div id=\"ut-accordion-parent-20\" class=\"ut-accordion\"><div class=\"ut-accordion-group\"><\/div><\/div> <div class=\"ut-accordion-heading \"><a data-parent=\"#ut-accordion-parent-20\" class=\"accordion-toggle collapsed \" data-toggle=\"collapse\" data-target=\"#accordion19\">Other<\/a><\/div><div id=\"accordion19\" class=\"ut-accordion-body collapse\"><div class=\"ut-accordion-inner entry-content clearfix\">\n<ul>\n<li style=\"font-weight: 400;\"><span style=\"font-weight: 400;\">Ha dirigido once tesis doctorales, todas con calificaci\u00f3n de sobresaliente cum laude.<\/span><\/li>\n<li style=\"font-weight: 400;\"><span style=\"font-weight: 400;\">Evaluadora de la Revista Stoa del Centro de Investigaci\u00f3n de la Facultad de Arquitectura y Urbanismo de la Universidad de Cuenca, Ecuador, 2017<\/span><\/li>\n<li style=\"font-weight: 400;\"><span style=\"font-weight: 400;\">Miembro del Comit\u00e9 Cient\u00edfico de la Editorial Sind\u00e9resis con sede en Madrid y en Porto, Portugal, 2016.<\/span><\/li>\n<li>Ha dirigido ocho tesis doctorales, todas con calificaci\u00f3n cum laude.<\/li>\n<li>Evaluadora cient\u00edfica de Saitabi. Revista de la Facultad de Geograf\u00eda e Historia, 2014.<\/li>\n<li>Asesora en la emisi\u00f3n de informe previo de UNIBASQ (Agencia de Evaluaci\u00f3n de la Calidad y Acreditaci\u00f3n del Sistema Universitario Vasco) de los planes de estudio de titulaciones de m\u00e1steres, 2013.<\/li>\n<li>Asesora en la emisi\u00f3n de informe previo de los planes de estudio de titulaciones de m\u00e1ster 2012-2013, para UNIBASQ (Agencia de Evaluaci\u00f3n de la Calidad y Acreditaci\u00f3n del Sistema Universitario Vasco), 2012.<\/li>\n<li>Evaluadora de propuestas de M\u00e1steres Universitarios Oficiales 2010-2011 para UNIQUAL (Agencia de Evaluaci\u00f3n de la Calidad y Acreditaci\u00f3n del Sistema Universitario Vasco.<\/li>\n<li>Miembro del Comit\u00e9 Cient\u00edfico de la Editorial Sind\u00e9resis con sede en Madrid y en Porto, Portugal, 2016.<\/li>\n<li>Madrina de Sean Scully como Doctor Honoris Causa por la Universidad Miguel Hern\u00e1ndez, Elche, 2007.<\/li>\n<\/ul>\n<\/div><\/div>\n<\/div><\/div>\n<\/div>\n<div  class=\"ut-one-half ut-column-last  \">\n<\/div><div class=\"clear\"><\/div><\/p>","protected":false},"excerpt":{"rendered":"Pilar Escanero de Miguel Member of the Bernia Research Group since its establishment in 2007. His research has developed in the field of contemporary art, in particular certain aspects of contemporary painting and art criticism (Reflexiones \/ \"Reflections\"), Alicante, 2001); gender issues (La mujer y el arte. Mujeres artistas de Canarias \/ \"Women and art. [...]","protected":false},"author":469,"featured_media":0,"parent":0,"menu_order":0,"comment_status":"closed","ping_status":"open","template":"","meta":{"_links_to":"","_links_to_target":""},"_links":{"self":[{"href":"https:\/\/campusaltea.umh.es\/en\/wp-json\/wp\/v2\/pages\/4079"}],"collection":[{"href":"https:\/\/campusaltea.umh.es\/en\/wp-json\/wp\/v2\/pages"}],"about":[{"href":"https:\/\/campusaltea.umh.es\/en\/wp-json\/wp\/v2\/types\/page"}],"author":[{"embeddable":true,"href":"https:\/\/campusaltea.umh.es\/en\/wp-json\/wp\/v2\/users\/469"}],"replies":[{"embeddable":true,"href":"https:\/\/campusaltea.umh.es\/en\/wp-json\/wp\/v2\/comments?post=4079"}],"version-history":[{"count":0,"href":"https:\/\/campusaltea.umh.es\/en\/wp-json\/wp\/v2\/pages\/4079\/revisions"}],"wp:attachment":[{"href":"https:\/\/campusaltea.umh.es\/en\/wp-json\/wp\/v2\/media?parent=4079"}],"curies":[{"name":"wp","href":"https:\/\/api.w.org\/{rel}","templated":true}]}}