{"id":3637,"date":"2016-09-13T19:09:57","date_gmt":"2016-09-13T19:09:57","guid":{"rendered":"http:\/\/campusaltea.umh.es\/?page_id=3637"},"modified":"2017-02-08T11:26:05","modified_gmt":"2017-02-08T11:26:05","slug":"leonidas-espinelli","status":"publish","type":"page","link":"https:\/\/campusaltea.umh.es\/en\/leonidas-espinelli\/","title":{"rendered":"Le\u00f3nidas Espinelli Capel"},"content":{"rendered":"<div  class=\"ut-one-half  \">\n<div id=\"attachment_3638\" style=\"width: 160px\" class=\"wp-caption alignleft\"><img aria-describedby=\"caption-attachment-3638\" loading=\"lazy\" class=\"wp-image-3638 size-thumbnail\" src=\"http:\/\/campusaltea.umh.es\/files\/2016\/09\/leonidas_gran-150x150.jpg\" alt=\"\" width=\"150\" height=\"150\" \/><p id=\"caption-attachment-3638\" class=\"wp-caption-text\">Le\u00f3nidas Espinelli Capel<\/p><\/div>\n<h4>LE\u00d3NIDAS ESPINELLI CAPEL (Buenos Aires, 1977)<\/h4>\n<p><span style=\"color: #333333;\">En 2001 se radica en Espa\u00f1a y en 2004 comienza sus estudios en Bellas Artes dedic\u00e1ndose desde un principio a la relaci\u00f3n entre el arte y los diferentes procesos audiovisuales. Obtiene la menci\u00f3n alumno 5 estrellas y el premio extraordinario de la licenciatura en Bellas Artes en 2008. En 2009 recibe la beca de investigaci\u00f3n BFPI de la Generalitat Valenciana y en 2011 una beca de residencia art\u00edstica en la Fundaci\u00f3n Bilbao Arte. En 2013 recibe el t\u00edtulo de Doctor Cumlaude en Bellas Artes en 2013 con la tesis doctoral- El ruido y la furia: La fotograf\u00eda como modelo discursivo, est\u00e9tico e ideol\u00f3gico en los entornos juveniles marginales-.<\/span><\/p>\n<p><span style=\"color: #333333;\">Desde 2009 ha realizado diversas exposiciones en ciudades como Alicante, Murcia, Jaen, Madrid, Bilbao, Buenos Aires, Florencia, Bruselas, Lima. Como comisario realiza exposiciones en el Centro Cultural las Cigarreras, Museo de la Universidad de Alicante, Sala de Exposiciones de la Lonja Alicante.<\/span><\/p>\n<p><span style=\"color: #333333;\">En la Actualidad adem\u00e1s de continuar desarrollando su faceta art\u00edstica y fotogr\u00e1fica, imparte clases en el grado de comunicaci\u00f3n audiovisual de la UMH y cursos relacionados con el Arte, cine y fotograf\u00eda en Escuela de Fotograf\u00eda MISTOS. Desde 2013 es creador y director del proyecto PHOTOALICANTE (Festival Internacional de Fotograf\u00eda de Alicante) y director del M\u00e1ster PHOTOALICANTE en fotograf\u00eda contempor\u00e1nea y proyecto de autor. <\/span><\/p>\n<\/div>\n<div  class=\"ut-one-half ut-column-last  \">\n<p><span style=\"color: #333333;\">\n\t\t\t<!-- START leonidas REVOLUTION SLIDER 6.5.14 --><p class=\"rs-p-wp-fix\"><\/p>\n\t\t\t<rs-module-wrap id=\"rev_slider_6_1_wrapper\" data-source=\"gallery\" style=\"visibility:hidden;background:transparent;padding:0;margin:0px auto;margin-top:0;margin-bottom:0;\">\n\t\t\t\t<rs-module id=\"rev_slider_6_1\" style=\"\" data-version=\"6.5.14\">\n\t\t\t\t\t<rs-slides>\n\t\t\t\t\t\t<rs-slide style=\"position: absolute;\" data-key=\"rs-16\" data-title=\"Slide\" data-thumb=\"\/\/campusaltea.umh.es\/files\/2016\/09\/cartel-.jpg\" data-anim=\"ms:600;\" data-in=\"o:0;\" data-out=\"a:false;\">\n\t\t\t\t\t\t\t<img src=\"\/\/campusaltea.umh.es\/wp-content\/plugins\/revslider\/public\/assets\/assets\/dummy.png\" alt=\"Slide\" title=\"Le\u00f3nidas Espinelli Capel\" class=\"rev-slidebg tp-rs-img rs-lazyload\" data-lazyload=\"\/\/campusaltea.umh.es\/wp-content\/plugins\/revslider\/public\/assets\/assets\/transparent.png\" data-no-retina>\n<!--\n\t\t\t\t\t\t\t--><rs-layer\n\t\t\t\t\t\t\t\tid=\"slider-6-slide-16-layer-2\" \n\t\t\t\t\t\t\t\tdata-type=\"image\"\n\t\t\t\t\t\t\t\tdata-rsp_ch=\"on\"\n\t\t\t\t\t\t\t\tdata-xy=\"x:285px;y:2px;\"\n\t\t\t\t\t\t\t\tdata-text=\"l:22;\"\n\t\t\t\t\t\t\t\tdata-dim=\"w:612px;h:866px;\"\n\t\t\t\t\t\t\t\tdata-actions='o:click;a:togglefullscreen;'\n\t\t\t\t\t\t\t\tdata-frame_0=\"tp:600;\"\n\t\t\t\t\t\t\t\tdata-frame_1=\"tp:600;e:power2.inOut;st:500;\"\n\t\t\t\t\t\t\t\tdata-frame_999=\"o:0;tp:600;e:nothing;st:w;\"\n\t\t\t\t\t\t\t\tstyle=\"z-index:5;\"\n\t\t\t\t\t\t\t><img src=\"\/\/campusaltea.umh.es\/wp-content\/plugins\/revslider\/public\/assets\/assets\/dummy.png\" alt=\"\" class=\"tp-rs-img rs-lazyload\" width=\"3508\" height=\"4961\" data-lazyload=\"\/\/campusaltea.umh.es\/files\/2016\/09\/cartel-.jpg\" data-no-retina> \n\t\t\t\t\t\t\t<\/rs-layer><!--\n-->\t\t\t\t\t\t<\/rs-slide>\n\t\t\t\t\t\t<rs-slide style=\"position: absolute;\" data-key=\"rs-17\" data-title=\"Slide\" data-thumb=\"\/\/campusaltea.umh.es\/files\/2016\/09\/DSF8202_9776-100x50.jpg\" data-anim=\"ms:600;\" data-in=\"o:0;\" data-out=\"a:false;\">\n\t\t\t\t\t\t\t<img src=\"\/\/campusaltea.umh.es\/wp-content\/plugins\/revslider\/public\/assets\/assets\/dummy.png\" alt=\"\" title=\"Le\u00f3nidas Espinelli Capel\" class=\"rev-slidebg tp-rs-img rs-lazyload\" data-lazyload=\"\/\/campusaltea.umh.es\/files\/2016\/09\/DSF8202_9776.jpg\" data-no-retina>\n<!---->\t\t\t\t\t\t<\/rs-slide>\n\t\t\t\t\t\t<rs-slide style=\"position: absolute;\" data-key=\"rs-18\" data-title=\"Slide\" data-in=\"o:0;\" data-out=\"a:false;\">\n\t\t\t\t\t\t\t<img src=\"\/\/campusaltea.umh.es\/wp-content\/plugins\/revslider\/public\/assets\/assets\/dummy.png\" alt=\"Slide\" title=\"Le\u00f3nidas Espinelli Capel\" class=\"rev-slidebg tp-rs-img rs-lazyload\" data-lazyload=\"\/\/campusaltea.umh.es\/wp-content\/plugins\/revslider\/public\/assets\/assets\/transparent.png\" data-no-retina>\n<!---->\t\t\t\t\t\t<\/rs-slide>\n\t\t\t\t\t<\/rs-slides>\n\t\t\t\t<\/rs-module>\n\t\t\t\t<script>\n\t\t\t\t\tsetREVStartSize({c: 'rev_slider_6_1',rl:[1240,1024,778,480],el:[],gw:[1240],gh:[868],type:'standard',justify:'',layout:'fullwidth',mh:\"0\"});if (window.RS_MODULES!==undefined && window.RS_MODULES.modules!==undefined && window.RS_MODULES.modules[\"revslider61\"]!==undefined) {window.RS_MODULES.modules[\"revslider61\"].once = false;window.revapi6 = undefined;if (window.RS_MODULES.checkMinimal!==undefined) window.RS_MODULES.checkMinimal()}\n\t\t\t\t<\/script>\n\t\t\t<\/rs-module-wrap>\n\t\t\t<!-- END REVOLUTION SLIDER -->\n<\/span><\/p>\n<\/div><div class=\"clear\"><\/div>\n","protected":false},"excerpt":{"rendered":"Le\u00f3nidas Espinelli Capel LE\u00d3NIDAS ESPINELLI CAPEL (Buenos Aires, 1977) En 2001 se radica en Espa\u00f1a y en 2004 comienza sus estudios en Bellas Artes dedic\u00e1ndose desde un principio a la relaci\u00f3n entre el arte y los diferentes procesos audiovisuales. Obtiene la menci\u00f3n alumno 5 estrellas y el premio extraordinario de la licenciatura en Bellas Artes [...]","protected":false},"author":469,"featured_media":0,"parent":0,"menu_order":0,"comment_status":"closed","ping_status":"open","template":"","meta":{"_links_to":"","_links_to_target":""},"_links":{"self":[{"href":"https:\/\/campusaltea.umh.es\/en\/wp-json\/wp\/v2\/pages\/3637"}],"collection":[{"href":"https:\/\/campusaltea.umh.es\/en\/wp-json\/wp\/v2\/pages"}],"about":[{"href":"https:\/\/campusaltea.umh.es\/en\/wp-json\/wp\/v2\/types\/page"}],"author":[{"embeddable":true,"href":"https:\/\/campusaltea.umh.es\/en\/wp-json\/wp\/v2\/users\/469"}],"replies":[{"embeddable":true,"href":"https:\/\/campusaltea.umh.es\/en\/wp-json\/wp\/v2\/comments?post=3637"}],"version-history":[{"count":0,"href":"https:\/\/campusaltea.umh.es\/en\/wp-json\/wp\/v2\/pages\/3637\/revisions"}],"wp:attachment":[{"href":"https:\/\/campusaltea.umh.es\/en\/wp-json\/wp\/v2\/media?parent=3637"}],"curies":[{"name":"wp","href":"https:\/\/api.w.org\/{rel}","templated":true}]}}